{"id":385,"date":"2021-11-03T22:36:38","date_gmt":"2021-11-03T22:36:38","guid":{"rendered":"https:\/\/www.salvaje.live\/?page_id=385"},"modified":"2023-02-15T13:34:07","modified_gmt":"2023-02-15T18:34:07","slug":"cine-contra-series-de-tv","status":"publish","type":"page","link":"https:\/\/www.salvaje.live\/en\/soy-un-mentiroso\/cine-contra-series-de-tv\/","title":{"rendered":"#Cine contra series de TV."},"content":{"rendered":"<div id=\"wp-block-themeisle-blocks-advanced-columns-d4caab07\" class=\"wp-block-themeisle-blocks-advanced-columns has-1-columns has-desktop-equal-layout has-tablet-equal-layout has-mobile-equal-layout has-vertical-unset has-default-gap\"><div class=\"wp-block-themeisle-blocks-advanced-columns-overlay\"><\/div><div class=\"innerblocks-wrap\">\n<div id=\"wp-block-themeisle-blocks-advanced-column-d9a32e73\" class=\"wp-block-themeisle-blocks-advanced-column\">\n<h1 class=\"wp-block-heading\" id=\"cine-contra-series-de-television\">Cine contra Series de Televisi\u00f3n.<\/h1>\n\n\n\n<p class=\"wp-block-paragraph\"><mark style=\"background-color:rgba(0, 0, 0, 0)\" class=\"has-inline-color has-accent-1-color\"><em><sub>Las salas de cine se convirtieron en parte esencial para ayudar al espectador a vivir un momento \u00edntimo con los actores y sus dramas. Es el refugio del p\u00fablico de constantes ataques sobre<span class=\"highlight\"><strong> <\/strong><\/span><a href=\"https:\/\/www.salvaje.live\/en\/que-sais-je\/mil-decisiones-antes-del-cafe\/\"><strong><span style=\"text-decoration: underline;\">indecisiones y decisiones<\/span><\/strong><\/a> que lo acosan segundo a segundo.<\/sub><\/em><\/mark><\/p>\n\n\n\n<figure class=\"wp-block-image size-large\"><img loading=\"lazy\" decoding=\"async\" width=\"1024\" height=\"576\" src=\"https:\/\/www.salvaje.live\/wp-content\/uploads\/2021\/11\/Diseno-sin-titulo-4-1024x576.png\" alt=\"\" class=\"wp-image-386\" srcset=\"https:\/\/www.salvaje.live\/wp-content\/uploads\/2021\/11\/Diseno-sin-titulo-4-1024x576.png 1024w, https:\/\/www.salvaje.live\/wp-content\/uploads\/2021\/11\/Diseno-sin-titulo-4-300x169.png 300w, https:\/\/www.salvaje.live\/wp-content\/uploads\/2021\/11\/Diseno-sin-titulo-4-768x432.png 768w, https:\/\/www.salvaje.live\/wp-content\/uploads\/2021\/11\/Diseno-sin-titulo-4-1536x864.png 1536w, https:\/\/www.salvaje.live\/wp-content\/uploads\/2021\/11\/Diseno-sin-titulo-4-2048x1152.png 2048w, https:\/\/www.salvaje.live\/wp-content\/uploads\/2021\/11\/Diseno-sin-titulo-4-18x10.png 18w, https:\/\/www.salvaje.live\/wp-content\/uploads\/2021\/11\/Diseno-sin-titulo-4-1440x810.png 1440w\" sizes=\"auto, (max-width: 1024px) 100vw, 1024px\" \/><\/figure>\n\n\n\n<p class=\"wp-block-paragraph\">Vamos al cine \u2014dijo ella<br>\u00bfQu\u00e9 quieres ver? \u2014dijo \u00e9l<br>No s\u00e9 algo rom\u00e1ntico, lo que sea est\u00e1 bien\u2026 la verdad es que solo quiero salir un rato \u2014dijo ella.<br>Algo rom\u00e1ntico, que hueva \u2014dijo \u00e9l<br>Bueno, entonces algo de acci\u00f3n, \u00bfqu\u00e9 tal la \u00faltima de Marvel? \u2014dijo ella<br>\u00bfPor qu\u00e9 no vemos algo en Netflix? \u2014dijo \u00e9l<\/p>\n\n\n\n<p class=\"wp-block-paragraph\">La pareja pas\u00f3 las pr\u00f3ximas dos horas decidiendo por algo de la plataforma, al final decidieron por una serie de Televisi\u00f3n.<br>A las tres de la ma\u00f1ana ella se par\u00f3 a apagar el televisor, la serie segu\u00eda, pero ellos ya llevaban al menos dos horas dormidos. Al d\u00eda siguiente no hablaron nada de lo que hab\u00edan visto. Lo que vieron fue intrascendente.<\/p>\n\n\n\n<h1 class=\"wp-block-heading\" id=\"la-diferencia-entre-pelicula-y-serie-de-television\">La diferencia entre pel\u00edcula y serie de televisi\u00f3n.<\/h1>\n\n\n\n<p class=\"wp-block-paragraph\">Para saber distinguir a una pel\u00edcula de una serie de televisi\u00f3n debemos partir de las motivaciones por las que se decide producir una u otra.<\/p>\n\n\n\n<p class=\"wp-block-paragraph\">Una pel\u00edcula nos muestra acciones que contradicen el conflicto interior del personaje; el espectador pone atenci\u00f3n a claves dadas, a cuentagotas y en puntos espec\u00edficos por la producci\u00f3n.<\/p>\n\n\n\n<p class=\"wp-block-paragraph\">Una serie de televisi\u00f3n utiliza di\u00e1logos para mostrar los conflictos internos del personaje y estos son un obst\u00e1culo que debe superar para alcanzar sus metas. El espectador se puede distraer de los detalles sin que se altere su comprensi\u00f3n de la historia. Las acciones del h\u00e9roe funcionan como complemento o reafirmaci\u00f3n de la narraci\u00f3n.<\/p>\n\n\n\n<p class=\"wp-block-paragraph\">Esta motivaci\u00f3n, \u201cqu\u00e9 quiero decir y c\u00f3mo lo quiero decir\u201d, es la principal. A partir de ella se decide en que lugar quiero que el p\u00fablico reciba mi mensaje: una sala de cine o el comedor de una casa.<\/p>\n\n\n\n<p class=\"wp-block-paragraph\">Una cosa es cierta, ambas al final del d\u00eda terminan transmitidas en televisi\u00f3n o en un celular.<br>Como productor de pel\u00edculas, uno espera que el espectador compre un boleto para una sala de cine antes de que la pel\u00edcula llegue a verse en una pantalla de TV.<\/p>\n\n\n\n<h1 class=\"wp-block-heading\" id=\"por-que-es-tan-importante-el-lugar\">\u00bfPor qu\u00e9 es tan importante el lugar?<\/h1>\n\n\n\n<p class=\"wp-block-paragraph\">Al inicio de los tiempos del cine, despu\u00e9s de aprender la magia de la edici\u00f3n y el estilo visual, pero antes de las talkies (pel\u00edculas con di\u00e1logo), los autores mostraban historias de los protagonistas que transformaron su entorno. Al explorar los alcances de las herramientas de edici\u00f3n y puesta en c\u00e1mara, poco a poco las historias elevaron su calidad art\u00edstica y ense\u00f1aron a nuestra mente una nueva perspectiva para reflexionar sobre nuestra psique.<\/p>\n\n\n\n<p class=\"wp-block-paragraph\">Las salas de cine se convirtieron en parte esencial para ayudar al espectador a vivir un momento \u00edntimo con los actores y sus dramas. Es el refugio del p\u00fablico de constantes ataques sobre<strong><em><mark style=\"background-color:rgba(0, 0, 0, 0)\" class=\"has-inline-color has-accent-2-color\"> <a href=\"https:\/\/www.salvaje.live\/en\/que-sais-je\/mil-decisiones-antes-del-cafe\/\">indecisiones y decisiones<\/a><\/mark><\/em><\/strong> que lo acosan segundo a segundo.<\/p>\n\n\n\n<p class=\"wp-block-paragraph\">La comercializaci\u00f3n y el consumismo visual encontraron la manera de llegar a nuestras casas por medio de la televisi\u00f3n, y desde entonces, con su ruido nos han ido arrinconando para estrechar nuestra mente y nos olvidemos de contemplar, disfrutar de la vida, cuestionar y pensar.<\/p>\n\n\n\n<p class=\"wp-block-paragraph\">Las primeras series de televisi\u00f3n fueron armadas para intercalar en ellas cortes comerciales. Utilizaron las herramientas visuales del cine y el di\u00e1logo del teatro para convencernos de comprar, en nuestra pr\u00f3xima visita al supermercado, un mejor papel de ba\u00f1o.<\/p>\n\n\n\n<h1 class=\"wp-block-heading\" id=\"la-competencia\">La competencia.<\/h1>\n\n\n\n<p class=\"wp-block-paragraph\">El crecimiento descontrolado de la poblaci\u00f3n, la construcci\u00f3n de grandes ciudades con luces que nunca duermen, nos hicieron presa del \u201cno s\u00e9 que quiero\u201d.<\/p>\n\n\n\n<p class=\"wp-block-paragraph\">Los productores de televisi\u00f3n aprovechando la explosi\u00f3n demogr\u00e1fica apostaron por programas de mejor calidad. \u00bfPor qu\u00e9 ir al cine y pagar un boleto, cu\u00e1ndo en la televisi\u00f3n hay cosas m\u00e1s interesantes, de calidad similar y si no me gusta lo que veo puedo cambiar de canal?<\/p>\n\n\n\n<p class=\"wp-block-paragraph\">Entonces el cine intent\u00f3 recuperar al p\u00fablico que decid\u00eda por la comodidad de su casa. Se construyeron multicinemas, se explor\u00f3 con cine en 3D, crearon un <em>Star System<\/em>. Nada de esto result\u00f3 por completo. A cada intento del cine la televisi\u00f3n encontraba una manera para atrapar de nuevo a los desertores.<\/p>\n\n\n\n<p class=\"wp-block-paragraph\">Una nueva generaci\u00f3n de cineastas comenz\u00f3 a apostar por la calidad; aprendiendo de los primeros grandes autores de las pel\u00edculas silentes, llevaron la narrativa visual a niveles en los que solo se pod\u00eda conseguir su entendimiento dentro de una sala de cine. Mostraban, por medio del subtexto, historias complejas con conflictos internos; no pod\u00edan ser interrumpidos por un corte comercial. Silencios dram\u00e1ticos, historias \u00edntimas y escenarios espectaculares. En ese momento, el cine se despeg\u00f3 de la televisi\u00f3n retomando su lugar de elite.<\/p>\n\n\n\n<h1 class=\"wp-block-heading\" id=\"el-despertar-de-un-gigante\">El despertar de un gigante.<\/h1>\n\n\n\n<p class=\"wp-block-paragraph\">La televisi\u00f3n por cable revivi\u00f3 la competencia. Los productores de manera paciente fueron acaparando al p\u00fablico necesitado de entretenimiento simple en la comodidad de su casa, en lugar de salir a la calle y arriesgar sus vidas a los peligros que en ella habitan. Los noticiarios se encargaron de hacernos saber de esos monstruos nocturnos.<\/p>\n\n\n\n<p class=\"wp-block-paragraph\">Los Stand-Ups Comedy fueron los que abrieron la puerta. Sin censura, con sarcasmo y picard\u00eda, los comediantes te invitaban a la reflexi\u00f3n. Tambi\u00e9n se ofrec\u00eda un amplio cat\u00e1logo de pel\u00edculas ya retiradas de la cartelera. Poco a poco nos fuimos acostumbrando a mirar pel\u00edculas lejos de una sala de cine. Nos convencieron de que el cine en casa es mejor.<\/p>\n\n\n\n<p class=\"wp-block-paragraph\">Conciente el cine del alcance al que pod\u00eda llegar la televisi\u00f3n, comenz\u00f3 a invertir en pel\u00edculas que atrajeran a un p\u00fablico joven. Sacrificaron los silencios por escenas de acci\u00f3n y naves espaciales. Sin dramas complejos, trayectos del h\u00e9roe digeribles y sin invitar a profundas reflexiones le dijo a la televisi\u00f3n \u201cI\u2019m your father\u201d.<\/p>\n\n\n\n<p class=\"wp-block-paragraph\">Error el del cine norteamericano, el m\u00e1s comercial en el mundo, imitar a la televisi\u00f3n por cable y alejar a los espectadores de las propuestas narrativas del mundo. Incluso, atacaron a sus creadores independientes, semillero de futuros talentos.<\/p>\n\n\n\n<p class=\"wp-block-paragraph\">En la confusi\u00f3n la televisi\u00f3n abierta encontr\u00f3 el camino. Orillada a un tercer plano, tom\u00f3 riesgos e invirti\u00f3 en series de televisi\u00f3n innovadoras, pero por m\u00e1s que avanzaba en calidad visual, depend\u00eda del di\u00e1logo y su limitaci\u00f3n para exponer subtextos. Su p\u00fablico principal en su d\u00eda a d\u00eda no acude a la televisi\u00f3n para aprender y reflexionar, la prende para desconectarse del mundo real.<\/p>\n\n\n\n<h1 class=\"wp-block-heading\" id=\"mira-mama-ahora-sin-manos\">Mira mam\u00e1 ahora sin manos.<\/h1>\n\n\n\n<p class=\"wp-block-paragraph\">La evoluci\u00f3n de la televisi\u00f3n logr\u00f3 desprenderse de la necesidad de vender papel de ba\u00f1o, hoy necesita suscriptores.<\/p>\n\n\n\n<p class=\"wp-block-paragraph\">El cine Hollywoodense no depende de un p\u00fablico que entienda la narrativa visual y disfrute de los silencios dram\u00e1ticos, necesita de espectadores que antes de entrar a una sala de cine, compren ropa, zapatos, relojes, disfrute de una hamburguesa y si hay tiempo, ver una pel\u00edcula, similar a las series de televisi\u00f3n, pero en pantalla grande. Apelan por la nostalgia que habita en nosotros por las salas de cine.<\/p>\n\n\n\n<p class=\"wp-block-paragraph\">Lejos de las fronteras de Hollywood, existen a\u00fan realizadores que sue\u00f1an con la libertad de contar una historia sin estar sometidos a la ambici\u00f3n de productoras que solo buscan ganancias econ\u00f3micas sin importar \u00e9l, \u00bfc\u00f3mo? Estos autores libran batallas para atraer a la mayor\u00eda de un p\u00fablico dormido: arrullado y atontado por pol\u00edticos, noticias y melodramas caros con historias pobres.<\/p>\n\n\n\n<h1 class=\"wp-block-heading\" id=\"la-union\">La uni\u00f3n.<\/h1>\n\n\n\n<p class=\"wp-block-paragraph\">Las guerras entre las productoras de cine y televisi\u00f3n han rescatado a los realizadores que logran sobrevivir a la guerra de trincheras. Ya en sus filas comienzan a aportar nuevos avances narrativos.<br>Las series siguen y seguir\u00e1n amarradas a los caprichos populares y a la narrativa, y las grandes producciones de cine, a un p\u00fablico consumista que se ha olvidado del valor por la est\u00e9tica. Se entiende, son los menos, pero ah\u00ed est\u00e1 el dinero y los obreros obedientes que necesitan las grandes empresas y gobiernos.<\/p>\n\n\n\n<p class=\"wp-block-paragraph\">Las grandes productoras de cine y televisi\u00f3n, est\u00e1n fusion\u00e1ndose o comprando a la competencia; es tiempo de unir, no de acrecentar las diferencias, de ah\u00ed que series y cine cada d\u00eda se parezcan m\u00e1s. El p\u00fablico ya no olvid\u00f3 el romanticismo de la sala oscura y la pantalla gigante.<br>\u00bfQu\u00e9 ha generado est\u00e1 necesidad de uni\u00f3n? Un nuevo enemigo que los ha tomado por sorpresa, los videojuegos.<\/p>\n\n\n\n<hr class=\"wp-block-separator has-css-opacity\"\/>\n\n\n\n<p class=\"wp-block-paragraph\">Es dif\u00edcil ver la diferencia entre una serie de televisi\u00f3n y una pel\u00edcula si solo consumimos lo que Hollywood escupe. Para no ser prisioneros de los encantos de grandes producciones debemos de alimentar nuestra mente con libros, distintas y atrevidas propuestas visuales, ir al teatro, ver cine mundial, visitar museos, caminar, contemplar, ver al cielo y las estrellas.<\/p>\n\n\n\n<p class=\"wp-block-paragraph\">Los videojuegos est\u00e1n cambiando la forma en que se producen series de televisi\u00f3n y al cine. En caso de sentir que no tienes tiempo para pensar y contemplar el mundo a tu alrededor, en unos a\u00f1os, cuando tu atenci\u00f3n completa est\u00e9 atrapada y fuera de tu control, recordar\u00e1s con nostalgia aquellos tiempos en los que pasaban miles de indecisiones y decisiones por tu mente, antes de colocar una cucharada de az\u00facar a tu caf\u00e9.<\/p>\n<\/div>\n<\/div><\/div>","protected":false},"excerpt":{"rendered":"","protected":false},"author":1,"featured_media":0,"parent":200,"menu_order":1,"comment_status":"closed","ping_status":"closed","template":"","meta":{"_crdt_document":"","footnotes":""},"class_list":["post-385","page","type-page","status-publish","hentry"],"_links":{"self":[{"href":"https:\/\/www.salvaje.live\/en\/wp-json\/wp\/v2\/pages\/385","targetHints":{"allow":["GET"]}}],"collection":[{"href":"https:\/\/www.salvaje.live\/en\/wp-json\/wp\/v2\/pages"}],"about":[{"href":"https:\/\/www.salvaje.live\/en\/wp-json\/wp\/v2\/types\/page"}],"author":[{"embeddable":true,"href":"https:\/\/www.salvaje.live\/en\/wp-json\/wp\/v2\/users\/1"}],"replies":[{"embeddable":true,"href":"https:\/\/www.salvaje.live\/en\/wp-json\/wp\/v2\/comments?post=385"}],"version-history":[{"count":4,"href":"https:\/\/www.salvaje.live\/en\/wp-json\/wp\/v2\/pages\/385\/revisions"}],"predecessor-version":[{"id":860,"href":"https:\/\/www.salvaje.live\/en\/wp-json\/wp\/v2\/pages\/385\/revisions\/860"}],"up":[{"embeddable":true,"href":"https:\/\/www.salvaje.live\/en\/wp-json\/wp\/v2\/pages\/200"}],"wp:attachment":[{"href":"https:\/\/www.salvaje.live\/en\/wp-json\/wp\/v2\/media?parent=385"}],"curies":[{"name":"wp","href":"https:\/\/api.w.org\/{rel}","templated":true}]}}