{"id":376,"date":"2021-10-12T01:44:42","date_gmt":"2021-10-12T01:44:42","guid":{"rendered":"https:\/\/www.salvaje.live\/?page_id=376"},"modified":"2021-10-12T01:44:51","modified_gmt":"2021-10-12T01:44:51","slug":"el-universo-de-las-bestias-y-sus-conjuntos","status":"publish","type":"page","link":"https:\/\/www.salvaje.live\/en\/soy-un-mentiroso\/el-universo-de-las-bestias-y-sus-conjuntos\/","title":{"rendered":"El universo de las Bestias y sus conjuntos."},"content":{"rendered":"<h1 class=\"wp-block-heading\">El universo de las Bestias y sus conjuntos.<\/h1>\n\n\n\n<figure class=\"wp-block-image size-full\"><img loading=\"lazy\" decoding=\"async\" width=\"902\" height=\"899\" src=\"https:\/\/www.salvaje.live\/wp-content\/uploads\/2021\/10\/collage.jpeg\" alt=\"\" class=\"wp-image-378\" srcset=\"https:\/\/www.salvaje.live\/wp-content\/uploads\/2021\/10\/collage.jpeg 902w, https:\/\/www.salvaje.live\/wp-content\/uploads\/2021\/10\/collage-300x300.jpeg 300w, https:\/\/www.salvaje.live\/wp-content\/uploads\/2021\/10\/collage-150x150.jpeg 150w, https:\/\/www.salvaje.live\/wp-content\/uploads\/2021\/10\/collage-768x765.jpeg 768w, https:\/\/www.salvaje.live\/wp-content\/uploads\/2021\/10\/collage-12x12.jpeg 12w\" sizes=\"auto, (max-width: 902px) 100vw, 902px\" \/><figcaption>Foto pos Carolina Montero en <a href=\"https:\/\/humancoraza.wixsite.com\/frank\" target=\"_blank\" rel=\"noopener\">Human Coraza<\/a><\/figcaption><\/figure>\n\n\n\n<p class=\"wp-block-paragraph\">Hoy sabemos que no existe un solo infinito. A trav\u00e9s de las teor\u00edas de conjuntos podemos crear tantos infinitos como sean necesarios para contestar las preguntas de la naturaleza. Pero, \u00bfc\u00f3mo definimos lo que integra un conjunto?<\/p>\n\n\n\n<p class=\"wp-block-paragraph\">Cuando se trata de explorar nuestra psique, nuestros conjuntos abarcan varios universos, cada uno construido por una cantidad infinita de objetos abstractos que nos ayudan a explorar nuestro inconsciente.<br>El artista recurre a distintas herramientas para interpretar sus sue\u00f1os, pesadillas; la lucha eterna entre miedo y amor. Una de estas herramientas es el collage. Disciplina que nos muestra estos infinitos grupos de objetos unidos en un mismo universo.<\/p>\n\n\n\n<p class=\"wp-block-paragraph\">Con las herramientas tecnol\u00f3gicas de nuestra \u00e9poca, el mundo del Collage ha alcanzado posibilidades infinitas.<\/p>\n\n\n\n<p class=\"wp-block-paragraph\">Carolina Montero en la actualidad explora los universos y alcances del Collage digital. Al igual que los aviadores de combate, Carolina tambi\u00e9n cuenta con su nombre de guerra, Frank. Su elecci\u00f3n no ha podido ser mejor.<\/p>\n\n\n\n<p class=\"wp-block-paragraph\">Manejando con manos firmes el tim\u00f3n de su nave, surca los misteriosos caminos entre instinto y raz\u00f3n. Enfrenta. grandes batallas donde discierne entre lo verdadero, lo hermoso y lo bueno. Busca la manera correcta de comprender su amor por la vida, y lo autentico de las personas.<\/p>\n\n\n\n<p class=\"wp-block-paragraph\">Mezclando im\u00e1genes en su laboratorio de unos y ceros intenta razonar lo que siente, expresarlo, dar vida a sus monstruos en formas hermosas y representar el universo en el que han nacido.<\/p>\n\n\n\n<p class=\"wp-block-paragraph\">Por sorpresa el subconsciente arrebata de sus manos el tim\u00f3n de la vida y comienza a nadar entre el mundo de sus sue\u00f1os. Sus cortes digitales no son largos y reflexivos; son lineas cortadas por la pasi\u00f3n. Unos y ceros se tejen en un universo estrangulado por cuatro \u00e1ngulos rectos. Al observar los detalles de la obra, intuimos qu\u00e9 se nos ha ocultado algo; pero s\u00f3lo a nuestra mirada. Para poder verlo tenemos que expandir nuestra imaginaci\u00f3n y dejar que nuestras pasiones fluyan.<\/p>\n\n\n\n<p class=\"wp-block-paragraph\">Los mundos que se nos comparten, a primera vista nos confunden y pensamos que el personaje est\u00e1 en un universo que no le corresponde, esa es nuestra intuici\u00f3n. Al reflexionar, vemos que pertenecen al conjunto, s\u00f3lo que el protagonista se ha visto obligado a transformarse para adaptar su forma a la incertidumbre de la vida.<br>Al igual que el artista, debemos soltar el control de nuestras vidas para disfrutar la obra.<\/p>\n\n\n\n<p class=\"wp-block-paragraph\">Los tormentos a los que est\u00e1n sometidos los personajes se suavizan por la armon\u00eda de color. Tonos que muestran la naturaleza en calma de la Bestia; no para ser rescatada, sino para ser amada y aceptada como es. Un reflejo del contraste de un conjunto hip\u00f3crita que se bate en una cabal batalla entre saber el precio de todo y el valor de nada.<\/p>\n\n\n\n<p class=\"wp-block-paragraph\">Cada obra es un universo distinto, todas la obras pertenecen al mismo conjunto, a la misma galaxia; despu\u00e9s del marco, s\u00f3lo queda la reflexi\u00f3n. Nos corresponde a nosotros armar el rompecabezas. Armado que debemos de hacer en base a nuestra b\u00fasqueda por lo bueno y verdadero.<\/p>\n\n\n\n<p class=\"wp-block-paragraph\">La obra de Frank, no es una invitaci\u00f3n a pensar y reflexionar, es una invitaci\u00f3n a sentir.<\/p>","protected":false},"excerpt":{"rendered":"<p>El universo de las Bestias y sus conjuntos. Hoy sabemos &hellip;<\/p>","protected":false},"author":1,"featured_media":0,"parent":200,"menu_order":0,"comment_status":"closed","ping_status":"closed","template":"","meta":{"_crdt_document":"","footnotes":""},"class_list":["post-376","page","type-page","status-publish","hentry"],"_links":{"self":[{"href":"https:\/\/www.salvaje.live\/en\/wp-json\/wp\/v2\/pages\/376","targetHints":{"allow":["GET"]}}],"collection":[{"href":"https:\/\/www.salvaje.live\/en\/wp-json\/wp\/v2\/pages"}],"about":[{"href":"https:\/\/www.salvaje.live\/en\/wp-json\/wp\/v2\/types\/page"}],"author":[{"embeddable":true,"href":"https:\/\/www.salvaje.live\/en\/wp-json\/wp\/v2\/users\/1"}],"replies":[{"embeddable":true,"href":"https:\/\/www.salvaje.live\/en\/wp-json\/wp\/v2\/comments?post=376"}],"version-history":[{"count":2,"href":"https:\/\/www.salvaje.live\/en\/wp-json\/wp\/v2\/pages\/376\/revisions"}],"predecessor-version":[{"id":380,"href":"https:\/\/www.salvaje.live\/en\/wp-json\/wp\/v2\/pages\/376\/revisions\/380"}],"up":[{"embeddable":true,"href":"https:\/\/www.salvaje.live\/en\/wp-json\/wp\/v2\/pages\/200"}],"wp:attachment":[{"href":"https:\/\/www.salvaje.live\/en\/wp-json\/wp\/v2\/media?parent=376"}],"curies":[{"name":"wp","href":"https:\/\/api.w.org\/{rel}","templated":true}]}}