{"id":257,"date":"2021-07-05T17:46:12","date_gmt":"2021-07-05T17:46:12","guid":{"rendered":"https:\/\/www.salvaje.live\/?page_id=257"},"modified":"2023-01-11T22:59:00","modified_gmt":"2023-01-12T03:59:00","slug":"escritura-creativa","status":"publish","type":"page","link":"https:\/\/www.salvaje.live\/en\/articulos\/escritura-creativa\/","title":{"rendered":"Escritura Creativa."},"content":{"rendered":"<div id=\"wp-block-themeisle-blocks-advanced-columns-95cfa056\" class=\"wp-block-themeisle-blocks-advanced-columns has-1-columns has-desktop-equal-layout has-tablet-equal-layout has-mobile-equal-layout has-vertical-unset has-default-gap\"><div class=\"wp-block-themeisle-blocks-advanced-columns-overlay\"><\/div><div class=\"innerblocks-wrap\">\n<div id=\"wp-block-themeisle-blocks-advanced-column-027af494\" class=\"wp-block-themeisle-blocks-advanced-column\">\n<div class=\"wp-block-cover is-light\"><span aria-hidden=\"true\" class=\"wp-block-cover__background has-background-dim\"><\/span><img loading=\"lazy\" decoding=\"async\" width=\"1024\" height=\"791\" class=\"wp-block-cover__image-background wp-image-233\" alt=\"\" src=\"https:\/\/www.salvaje.live\/wp-content\/uploads\/2021\/07\/Disen\u0303o-sin-ti\u0301tulo1-1-1024x791.jpg\" data-object-fit=\"cover\" srcset=\"https:\/\/www.salvaje.live\/wp-content\/uploads\/2021\/07\/Disen\u0303o-sin-ti\u0301tulo1-1-1024x791.jpg 1024w, https:\/\/www.salvaje.live\/wp-content\/uploads\/2021\/07\/Disen\u0303o-sin-ti\u0301tulo1-1-300x232.jpg 300w, https:\/\/www.salvaje.live\/wp-content\/uploads\/2021\/07\/Disen\u0303o-sin-ti\u0301tulo1-1-768x593.jpg 768w, https:\/\/www.salvaje.live\/wp-content\/uploads\/2021\/07\/Disen\u0303o-sin-ti\u0301tulo1-1-1536x1187.jpg 1536w, https:\/\/www.salvaje.live\/wp-content\/uploads\/2021\/07\/Disen\u0303o-sin-ti\u0301tulo1-1.jpg 1650w\" sizes=\"auto, (max-width: 1024px) 100vw, 1024px\" \/><div class=\"wp-block-cover__inner-container is-layout-flow wp-block-cover-is-layout-flow\">\n<p class=\"has-large-font-size wp-block-paragraph\">Escritura Creativa.<\/p>\n<\/div><\/div>\n<\/div>\n<\/div><\/div>\n\n\n\n<p class=\"wp-block-paragraph\">La \u00fanica manera de escribir un guion de cine, una novela o un post en Twitter es escribiendo. As\u00ed de sencillo. Muchos somos los que nos pasamos caminando por las calles y visitando caf\u00e9s en busca de inspiraci\u00f3n sin nunca escribir una solo palabra. Es lo normal cuando no sabes por donde comenzar.<\/p>\n\n\n<div class=\"wp-block-image\">\n<figure class=\"alignleft size-large is-resized\"><img loading=\"lazy\" decoding=\"async\" src=\"https:\/\/www.salvaje.live\/wp-content\/uploads\/2021\/07\/1-683x1024.png\" alt=\"\" class=\"wp-image-240\" width=\"172\" height=\"257\" srcset=\"https:\/\/www.salvaje.live\/wp-content\/uploads\/2021\/07\/1-683x1024.png 683w, https:\/\/www.salvaje.live\/wp-content\/uploads\/2021\/07\/1-200x300.png 200w, https:\/\/www.salvaje.live\/wp-content\/uploads\/2021\/07\/1-768x1152.png 768w, https:\/\/www.salvaje.live\/wp-content\/uploads\/2021\/07\/1.png 800w\" sizes=\"auto, (max-width: 172px) 100vw, 172px\" \/><\/figure>\n<\/div>\n\n\n<p class=\"wp-block-paragraph\"><br>Y todo comienza con una idea, ellas aparecen en cualquier momento sin avisar, siempre hay que tener, una pluma o l\u00e1piz, un papel o libreta listos para apuntar esas fugaces im\u00e1genes. Confiarlas a la memoria no es conveniente, por lo general se pierden, \u00bfpor qu\u00e9 confiar en la cabeza cuando lo \u00fanico que ella quiere es crear atajos? Lo \u00faltimo que quiere una mente sana y \u00fatil, es almacenar informaci\u00f3n.<br>M\u00e1s sencillo es sacar ese pedazo de papel y escribir; as\u00ed comienza el tejido de la telara\u00f1a de ideas.<\/p>\n\n\n\n<p class=\"wp-block-paragraph\">Siguiente paso, organizarla las ideas, ver que forma tienen, descifrar la geometr\u00eda en ellas.<br><\/p>\n\n\n<div class=\"wp-block-image\">\n<figure class=\"alignright size-large is-resized\"><img loading=\"lazy\" decoding=\"async\" src=\"https:\/\/www.salvaje.live\/wp-content\/uploads\/2021\/07\/3-e1625353690383-1024x683.png\" alt=\"\" class=\"wp-image-230\" width=\"224\" height=\"149\" srcset=\"https:\/\/www.salvaje.live\/wp-content\/uploads\/2021\/07\/3-e1625353690383-1024x683.png 1024w, https:\/\/www.salvaje.live\/wp-content\/uploads\/2021\/07\/3-e1625353690383-300x200.png 300w, https:\/\/www.salvaje.live\/wp-content\/uploads\/2021\/07\/3-e1625353690383-768x512.png 768w, https:\/\/www.salvaje.live\/wp-content\/uploads\/2021\/07\/3-e1625353690383-930x620.png 930w, https:\/\/www.salvaje.live\/wp-content\/uploads\/2021\/07\/3-e1625353690383.png 1200w\" sizes=\"auto, (max-width: 224px) 100vw, 224px\" \/><\/figure>\n<\/div>\n\n\n<p class=\"wp-block-paragraph\">Stephen King es un escritor <em>pantser<\/em>, i. e. plasma las ideas como estas van apareciendo en su cabeza. Escribe come si fuera el lector. Yo no soy Stephen King, yo tengo que utilizar un sistema.<\/p>\n\n\n\n<p class=\"wp-block-paragraph\">A diferencia de los escritores <em>pantser<\/em>, mi mente es un caos, en ella no se dibujan curvas, sino l\u00edneas, y tengo que descifrarlas, de lo contrario termino abrumado por estas antes de terminar la primera escena del primer cap\u00edtulo.<\/p>\n\n\n\n<h2 class=\"wp-block-heading\">Antes de escribir el primer p\u00e1rrafo.<\/h2>\n\n\n\n<p class=\"wp-block-paragraph\">Al escribir, uno se convierte en escritor. Tomemos como ejemplo a Morts que pasa horas visitando cafeter\u00edas, golpea teclas en su laptop, se hipnotiza con el sonido y ritmo que producen mientras da sorbos a su bebida. Todo parece ser que es un escritor, pero en realidad, est\u00e1 distra\u00eddo mirando el timeline del Facebook, a la vez, chatea con sus amigos, platica la idea para su nueva novela. Morts lleva ya cuatro a\u00f1os escribi\u00e9ndola, \u00bfcu\u00e1l es el problema? Deja que el tiempo se le escurra de entre las manos, pensando y planeando, el inicio y el final de su historia. Colecciona y organiza im\u00e1genes de inspiraci\u00f3n. Se compara, sue\u00f1a y se critica, se est\u00e1 desgastando en lugar de escribir.<br>Sin embargo, Morts tiene una ventaja, su idea ha madurado en su cabeza, lo \u00fanico que queda por hacer es, plasmarla en la hoja en blanco frente a ella.<\/p>\n\n\n\n<p class=\"wp-block-paragraph\">Un <a rel=\"noreferrer noopener\" href=\"https:\/\/www.salvaje.live\/en\/que-sais-je\/mapas-mentales\/\" target=\"_blank\">mapa mental<\/a> es una herramienta \u00fatil para organizar tu telara\u00f1a de conceptos. Al desahogarlos no juzgues cu\u00e1les son correctos y cu\u00e1les no. Para que el mapa mental funcione, la regla es apuntar todas las abstracciones que llegaron a tu cabeza. Incluso si crees, a primera vista, que no tienen relaci\u00f3n con tu idea principal.<\/p>\n\n\n\n<p class=\"wp-block-paragraph\">Cuando tu red de ideas est\u00e1 lista y las conexiones hechas, puedes, con mirada de p\u00e1jaro, decidir que sobra y que falta.<\/p>\n\n\n\n<h2 class=\"wp-block-heading\">El Esquema.<\/h2>\n\n\n\n<p class=\"wp-block-paragraph\">Vistos nuestros pensamientos fuera de la cabeza, escritos en una hoja de papel, puede resultar abrumador. La ansiedad comienza a hormiguear tus dedos y te empuja a escribir. Los haces porque temes que todo se esfume dentro de tu cabeza.<\/p>\n\n\n\n<p class=\"wp-block-paragraph\">Paciencia, hay que pensar con claridad. El trabajo de escribir \u2014para lograr un buen resultado\u2014 es 80\u202f% planear, 20\u202f% escribir.<\/p>\n\n\n\n<p class=\"wp-block-paragraph\">Administra tu energ\u00eda. Cuando comiences el bosquejo ser\u00e1s exigido en creatividad e inteligencia. Hacer bloques de tiempo programados en tu calendario es una excelente ayuda. Cuando nuestra mente trabaja a ritmos que no est\u00e1 acostumbrada, comienza a buscar distracciones en Instagram o historias de Facebook.<\/p>\n\n\n\n<p class=\"wp-block-paragraph\">Disciplina a tu cuerpo a trabajar a la misma hora. Apaga notificaciones, celular, tel\u00e9fono de casa (en caso de que alguien a\u00fan sepa d\u00f3nde est\u00e1 el suyo). Por ejemplo, en mi caso, utilizo una computadora vieja que no tiene tarjeta de red, adem\u00e1s, apago el celular y desconecto el tel\u00e9fono de casa, solo para estar seguro, desconecto el wifi. Me pondr\u00eda de mal humor conocer que el internet ha encontrado una nueva manera de hacerme llegar notificaciones.<\/p>\n\n\n<div class=\"wp-block-image\">\n<figure class=\"aligncenter size-large is-resized\"><img loading=\"lazy\" decoding=\"async\" src=\"https:\/\/www.salvaje.live\/wp-content\/uploads\/2021\/07\/2-683x1024.png\" alt=\"\" class=\"wp-image-239\" width=\"195\" height=\"292\" srcset=\"https:\/\/www.salvaje.live\/wp-content\/uploads\/2021\/07\/2-683x1024.png 683w, https:\/\/www.salvaje.live\/wp-content\/uploads\/2021\/07\/2-200x300.png 200w, https:\/\/www.salvaje.live\/wp-content\/uploads\/2021\/07\/2-768x1152.png 768w, https:\/\/www.salvaje.live\/wp-content\/uploads\/2021\/07\/2.png 800w\" sizes=\"auto, (max-width: 195px) 100vw, 195px\" \/><\/figure>\n<\/div>\n\n\n<p class=\"wp-block-paragraph\">Con el mapa mental a mano, separa tu historia por partes y cap\u00edtulos, si no tienes idea de que estructura emplear, lo cl\u00e1sico es: tres actos con pr\u00f3logo y ep\u00edlogo.<br>Todos tenemos una voz interior &#8211;un grito en muchas personas&#8211;, que dice: \u201cnosotros no somos del mont\u00f3n, somos distintos, ya las viejas f\u00f3rmulas est\u00e1n muertas\u201d. Sigue esta voz, si grita, con mayor raz\u00f3n a\u00fan. No conocer\u00edamos los trabajos de E.E. Cummings, Walt Whitman, Juan Rulfo, Josef Von Stemberg y otros tantos si no hubieran roto las reglas al hacer caso a esa voz. Aunque tienes que reconocer cuando pasas el tiempo planeando y so\u00f1ando en c\u00f3mo romper reglas, entonces, no eres un rebelde, eres un necio que no sabes c\u00f3mo comenzar.<\/p>\n\n\n\n<p class=\"wp-block-paragraph\">Imagina como se conecta cada p\u00e1rrafo en cada escena, y esta, con cada cap\u00edtulo. Haz un resumen general de cada una de sus partes. 10 a 15 l\u00edneas cuando m\u00e1ximo, no necesitas agotar tu cabeza en este paso, ya m\u00e1s adelante te enfrentar\u00e1s a las hojas en blanco donde vaciar\u00e1s todas las palabras, adjetivos y acciones. Si a tu mente llega una idea, frase o situaci\u00f3n espec\u00edfica, incl\u00fayela en el resumen como una nota o apuntala en una libreta aparte.<\/p>\n\n\n\n<p class=\"wp-block-paragraph\">El proceso hasta ahora no debe de ser forzado, si lo haces, acabar\u00e1s agotado tanto f\u00edsica, como mentalmente, odiando tu historia. Cada proceso necesita su tiempo, recuerda que tiempo y espacio se entrelazan.<\/p>\n\n\n\n<p class=\"wp-block-paragraph\">Con el esquema general de la historia listo, da una \u00faltima vista general. Repasa la estructura una y otra vez, piensa en los personajes, en las situaciones. Utiliza tu pensamiento cr\u00edtico, confirma que est\u00e1s diciendo lo que deseas decir; hazte la pregunta, \u00bfqu\u00e9 pasar\u00eda si esto en lugar de esto otro? Una y otra vez, imagina las escenas en tu cabeza, sus conexiones entre ellas. Hazlo hasta que logres tener toda tu historia, de principio a fin y t\u00e9 sea coherente con lo que deseas comunicar.<\/p>\n\n\n\n<p class=\"wp-block-paragraph\">Adem\u00e1s del esquema necesitas hacer biograf\u00edas de tus personajes, al menos de los principales. Entre m\u00e1s completas mejor, no todo lo que apuntas en estas va a aparecer en el papel, lo cierto es que te van a ayudar a crear el movimiento de la narrativa.\u00e7<\/p>\n\n\n\n<p class=\"wp-block-paragraph\">El fin de este trabajo es liberar a la mente para que, en lugar de esforzarse por excavar en los surcos de la memoria, se dedique a construir oraciones; entre en un flujo de escritura m\u00e1s r\u00e1pido. <\/p>\n\n\n\n<h2 class=\"wp-block-heading\">Escritura.<\/h2>\n\n\n\n<p class=\"wp-block-paragraph\">Ya sea por la ma\u00f1ana, tarde, noche o de madrugada, la hora que escojas, est\u00e1 bien. Toma todo con calma, disfruta del viaje. En el proceso de escritura vas a estar dentro de un caos de ideas, vas a vivir entre: fiestas, conversaciones, suspenso, crimen, drama\u2026<br>Lo \u00fanico necesario para escribir es, pluma, papel; tu imaginaci\u00f3n y tus notas, el resto son lujos o pretextos para no trabajar, y si son estos tan relevantes que te impiden iniciar la escritura, det\u00e9n todo y ded\u00edcate a otra cosa, lo tuyo, no ser\u00e1 escribir.<\/p>\n\n\n\n<h3 class=\"wp-block-heading\">Primer borrador.<\/h3>\n\n\n\n<p class=\"wp-block-paragraph\">Volvamos a Morts. A la hora de escribir, siempre busca el lugar ideal, un bosque apartado en medio de la nada o una playa solitaria del pac\u00edfico. Desea tener la taza perfecta con t\u00e9 humeante y el <em>playlist<\/em> \u2014con una selecci\u00f3n depurada en las \u00faltimas tres semanas, justo para este momento\u2014. Luego, busca pretextos: La playa no es tan solitaria; hay vientos fuertes y mosquitos; el bosque apartado no tiene luz suficiente y cree que un oso la acosa; a la <em>playlist<\/em> le falt\u00f3 la canci\u00f3n esencial; el t\u00e9 dejo de humear\u2026 quiz\u00e1s es mejor el caf\u00e9; pens\u00e1ndolo bien, es mejor utilizar una laptop\u2026<\/p>\n\n\n\n<p class=\"wp-block-paragraph\">Un escritor, escribe donde puede y le acomode.<\/p>\n\n\n\n<p class=\"wp-block-paragraph\">Coloca una imagen impresa que diga \u201cno se aceptan cr\u00edticos\u201d, para recordar a tu cr\u00edtico interior irse de vacaciones. No creas las leyendas urbanas de m\u00fasicos, escritores, pintores y dem\u00e1s, que dicen haber producido sus obras maestras en una sentada. El trabajo del artista es de esfuerzo, paciencia y de presentarse diario a trabajar.<br>Escribe tu primer borrador sin mirar atr\u00e1s, puedes, si as\u00ed lo deseas, editar en las tardes despu\u00e9s de un d\u00eda de trabajo, los fines de semana o hasta terminarlo, no importa cuando lo hagas, siempre y cuando lo hayas planeado con antelaci\u00f3n. No lo olvides, llevar una rutina es la clave.<\/p>\n\n\n\n<p class=\"wp-block-paragraph\">Cuando hayas colocado las \u00faltimas palabras de tu primer borrador, al fin has logrado tu primer trabajo como escritor. Es bueno celebrar, descansar si lo consideras necesario; a\u00fan falta camino que recorrer.<\/p>\n\n\n\n<p class=\"wp-block-paragraph\">Regla de oro del primer borrador es: nunca lo muestres; no te deshagas de este, gu\u00e1rdalo en alg\u00fan lugar, en donde nadie, en toda tu vida, lo vaya a encontrar. \u00bfPor qu\u00e9 guardarlo? Porque sirve para los siguientes borradores y es parte de la evoluci\u00f3n del trabajo final. Es mejor guardarlo que lamentar haberlo tirado.<\/p>\n\n\n\n<h3 class=\"wp-block-heading\">Segundo borrador.<\/h3>\n\n\n\n<p class=\"wp-block-paragraph\">La etapa de las correcciones. La idea de editar es de lo general a lo particular o viceversa, ambas estrategias son buenas. La que escojas y te acomode es la correcta. Ritmo y h\u00e1bito son importantes.<br>El proceso, que en lo particular prefiero, es ir en calma, esto es, de lo general a lo particular. Aqu\u00ed es donde reviso si la historia funciona de la manera en que la plane\u00e9.<br>Una parte fundamental es poner atenci\u00f3n a la estructura y recuerda, mientras verificas, corrige ortograf\u00eda \u2014consulta una palabra si tienes dudas sobre ella\u2014. Es momento de decidir que sobra y que se necesita afinar, quiz\u00e1s tengas que regresar al esquema y repensar las cosas. Si algo huele mal, es porque algo est\u00e1 podrido.<\/p>\n\n\n\n<p class=\"wp-block-paragraph\">El segundo borrador tambi\u00e9n deber\u00e1 de quedar escondido en tus archivos personales. Pero puedes escoger alguno(os) cap\u00edtulo(s) o escena(s) para mostrar enteros y obtener informaci\u00f3n y cr\u00edtica. Eso es a criterio personal.<\/p>\n\n\n\n<h3 class=\"wp-block-heading\">Tercer borrador.<\/h3>\n\n\n\n<p class=\"wp-block-paragraph\">Simplificaci\u00f3n. La etapa es para corregir m\u00e1s a detalle, contin\u00faas comprobando ortograf\u00eda y errores de dedo. Por alg\u00fan motivo estos nunca desaparecen, he visto algunas primeras ediciones que tienen errores ortogr\u00e1ficos; esto es comprensible cuando sabes que una novela, en promedio, tiene entre 60,000 y 80,000 palabras.<\/p>\n\n\n\n<p class=\"wp-block-paragraph\">Aqu\u00ed defines ritmo, coherencia, que los di\u00e1logos sean los correctos, las transiciones est\u00e9n bien definidas. Esto lo puedes repartir para recibir comentarios generales, y en caso de que lo consideres, hacer cambios y anexar ideas. S\u00e9 un voraz editor, si tienes que rescribir toda una escena, hazlo, si tienes que quitarla, qu\u00edtala. Un buen escritor es el que aprende a editar sin remordimientos su trabajo.<\/p>\n\n\n\n<p class=\"wp-block-paragraph\">Ten cuidado a qui\u00e9n le entregas tu escrito, todas las personas han pensado en escribir un libro en alguna etapa de su vida (siembra un \u00e1rbol, ten un hijo, escribe un libro). Tienen miles de razones por las cuales no lo han hecho y lo m\u00e1s probable es que nunca lo hagan. Por eso, al leer el trabajo de otros, proyectan con su cr\u00edtica, las ideas y conceptos que ellos no han tenido el valor de imprimir. De ah\u00ed que todos seamos cr\u00edticos en v\u00edas de desarrollo.<br>Lo que dicen, critican e intentan aportar, es importante y \u00fatil. Hay que aprender a escuchar con respeto y en silencio, primero, porque leyeron algo tuyo que quiz\u00e1s no es ni cerca de ser entretenido y segundo, dan otra perspectiva, entre todo lo que dicen hay mucho que te puede ayudar para mejorar tu historia.<\/p>\n\n\n\n<p class=\"wp-block-paragraph\">Morts, las pocas hojas que logr\u00f3 escribir, influenciada por los trabajos de E.E. Cummings y Saramago, las compuso con una prosa sin sentido, aburrida, sin pies ni cabeza, pero interesante. Su respuesta para defender su estilo de escritura era siempre la misma, \u201cT\u00fa no sabes nada sobre literatura, eres un ignorante\u201d; mi favorita, \u201cquiero romper con las reglas establecidas por una sociedad indiferente e ignorante\u201d, ambos argumentos buenos, pero faltos de raz\u00f3n y la l\u00f3gica.<\/p>\n\n\n\n<h3 class=\"wp-block-heading\">Cuarto borrador.<\/h3>\n\n\n\n<p class=\"wp-block-paragraph\">La disecci\u00f3n, revisi\u00f3n de cada detalle, buscar los adjetivos correctos, analizar que sobra y que falta, evaluar cada transici\u00f3n.<\/p>\n\n\n\n<p class=\"wp-block-paragraph\">La regla es, muestra de una manera simple cada escena.<br>El trabajo est\u00e1 casi terminado y falta un empuje final. Escribir, no importa que tan corta sea tu historia, es un marat\u00f3n, no un sprint.<\/p>\n\n\n\n<p class=\"wp-block-paragraph\">Una frase que coloco cerca de mi teclado al estar en esta etapa es \u201cel diablo est\u00e1 en los detalles\u201d, esto me sirve para pensar dos veces en aquello que deseo quitar o dejar.<\/p>\n\n\n\n<h3 class=\"wp-block-heading\">Quinto borrador.<\/h3>\n\n\n\n<p class=\"wp-block-paragraph\">La edici\u00f3n final. Lee tu historia en voz alta para ti.<br>Despu\u00e9s de hacer la lectura, solo para tus o\u00eddos, y si a\u00fan no lo has hecho, involucra a todo aquel que creas que te puede ayudar.<\/p>\n\n\n\n<p class=\"wp-block-paragraph\">El quinto borrador es t\u00fa apuesta final. Repasa los textos e incluye las \u00faltimas observaciones. Al final, es este el que comenzar\u00e1s a repartir a editores, agentes literarios o enviar a concursos de escritura.<\/p>\n\n\n\n<p class=\"wp-block-paragraph\">Una nota final de este proceso, ten cuidado en procrastinar planeando y corrigiendo. No aplaces \u2014sin una raz\u00f3n l\u00f3gica\u2014, las fechas que t\u00e9 has impuesto. Recuerda que tiempo y espacio van entrelazados.<\/p>\n\n\n\n<p class=\"wp-block-paragraph\">Escribir es un trabajo, es una acci\u00f3n rom\u00e1ntica, como todas las artes lo son, pero al igual que cualquier otro trabajo, requiere esfuerzo para lograr un resultado final que nos d\u00e9 satisfacci\u00f3n \u2014todo depende de que tanto nos exijamos\u2014. Escritores, escultores, cineastas, m\u00fasicos, arquitectos, pintores\u2026 y cualquier otra profesi\u00f3n, necesita concentraci\u00f3n. Se necesita despertar cada ma\u00f1ana y encontrar la motivaci\u00f3n para trabajar; no guardes tu obra por miedo a la cr\u00edtica, al contrario, mu\u00e9strala. Somos m\u00e1s de siete mil millones de personas en el mundo y estoy seguro, de que tu trabajo, encontrar\u00e1 lectores. Pero la \u00fanica manera de saberlo es publicando, mostrando y promocionando.<\/p>\n\n\n\n<p class=\"wp-block-paragraph\">Existe una imagen del artista muerto de hambre, imagen esparcida por personas ignorantes, por personas que no saben apreciar el proceso creativo. Para ellos ser creativo es un pasatiempo, m\u00e1s cuando se utiliza para crear entretenimiento, pues, carecen de una mente reflexiva. La realidad es otra. Como artista debemos de reivindicar esta imagen generalizada, no a trav\u00e9s de protestas o discusiones vac\u00edas y banales, sino a trav\u00e9s de nuestro trabajo, con nuestro arte.<\/p>\n\n\n\n<p class=\"wp-block-paragraph\"><\/p>","protected":false},"excerpt":{"rendered":"<p>La \u00fanica manera de escribir un guion de cine, una &hellip;<\/p>","protected":false},"author":1,"featured_media":0,"parent":78,"menu_order":1,"comment_status":"open","ping_status":"closed","template":"","meta":{"_crdt_document":"","footnotes":""},"class_list":["post-257","page","type-page","status-publish","hentry"],"_links":{"self":[{"href":"https:\/\/www.salvaje.live\/en\/wp-json\/wp\/v2\/pages\/257","targetHints":{"allow":["GET"]}}],"collection":[{"href":"https:\/\/www.salvaje.live\/en\/wp-json\/wp\/v2\/pages"}],"about":[{"href":"https:\/\/www.salvaje.live\/en\/wp-json\/wp\/v2\/types\/page"}],"author":[{"embeddable":true,"href":"https:\/\/www.salvaje.live\/en\/wp-json\/wp\/v2\/users\/1"}],"replies":[{"embeddable":true,"href":"https:\/\/www.salvaje.live\/en\/wp-json\/wp\/v2\/comments?post=257"}],"version-history":[{"count":8,"href":"https:\/\/www.salvaje.live\/en\/wp-json\/wp\/v2\/pages\/257\/revisions"}],"predecessor-version":[{"id":830,"href":"https:\/\/www.salvaje.live\/en\/wp-json\/wp\/v2\/pages\/257\/revisions\/830"}],"up":[{"embeddable":true,"href":"https:\/\/www.salvaje.live\/en\/wp-json\/wp\/v2\/pages\/78"}],"wp:attachment":[{"href":"https:\/\/www.salvaje.live\/en\/wp-json\/wp\/v2\/media?parent=257"}],"curies":[{"name":"wp","href":"https:\/\/api.w.org\/{rel}","templated":true}]}}