{"id":1653,"date":"2025-11-17T12:55:57","date_gmt":"2025-11-17T18:55:57","guid":{"rendered":"https:\/\/www.salvaje.live\/?page_id=1653"},"modified":"2025-11-17T12:56:04","modified_gmt":"2025-11-17T18:56:04","slug":"plataformas-de-venta-tu-tanta-falta-de-querer","status":"publish","type":"page","link":"https:\/\/www.salvaje.live\/en\/plataformas-de-venta-tu-tanta-falta-de-querer\/","title":{"rendered":"Plataformas de venta, Tu tanta falta de querer"},"content":{"rendered":"<h2 class=\"wp-block-heading\">M\u00c9XICO<\/h2>\n\n\n\n<p class=\"wp-block-paragraph\"><strong><a href=\"https:\/\/www.sanborns.com.mx\/cat\/libros%20y%20revistas\/libros%20bajo%20demanda?id=505\" target=\"_blank\" rel=\"noopener\">Sanborns<\/a><\/strong><\/p>\n\n\n\n<p class=\"wp-block-paragraph\"><strong><a href=\"https:\/\/www.elsotano.com\/libro-ibd-tu-tanta-falta-de-querer-10719948\" target=\"_blank\" rel=\"noopener\">El S\u00f3tano<\/a><\/strong><\/p>\n\n\n\n<p class=\"wp-block-paragraph\"><strong><a href=\"https:\/\/cadabrabooks.com\/\" target=\"_blank\" rel=\"noopener\">Cadabra &amp; Books<\/a><\/strong><\/p>\n\n\n\n<p class=\"wp-block-paragraph\"><strong><a href=\"https:\/\/libreriasindependientes.mx\/password\" target=\"_blank\" rel=\"noopener\">Reli Cadabra<\/a><\/strong><\/p>\n\n\n\n<p class=\"wp-block-paragraph\"><strong><a href=\"https:\/\/libreriaedicioneszetina.librantida.com\/\" target=\"_blank\" rel=\"noopener\">Librer\u00eda Ediciones Zetina<\/a><\/strong><\/p>\n\n\n\n<p class=\"wp-block-paragraph\"><strong><a href=\"https:\/\/libreriadelermitano.com\/\" target=\"_blank\" rel=\"noopener\">Librer\u00eda El Ermita\u00f1o<\/a><\/strong><\/p>\n\n\n\n<p class=\"wp-block-paragraph\"><strong><a href=\"https:\/\/www.mercadolibre.com.mx\/libro-tu-tanta-falta-de-querer-de-bodo-s-tlahcuilo-editorial-pandilla-salvaje-s-de-rl-de-cv\/p\/MLM61760060?pdp_filters=official_store%3A4874#polycard_client=search-nordic&amp;search_layout=grid&amp;position=1&amp;type=product&amp;tracking_id=3ee56b62-4937-4217-b0d1-23d4ebf782d3&amp;wid=MLM4334059884&amp;sid=search\" target=\"_blank\" rel=\"noopener\">Mercado Libre<\/a><\/strong><\/p>\n\n\n\n<p class=\"wp-block-paragraph\"><strong><a href=\"https:\/\/www.buscalibre.com.mx\/libro-tu-tanta-falta-de-querer\/9786072976214\/p\/64712150\" target=\"_blank\" rel=\"noopener\">Buscalibre<\/a><\/strong><\/p>\n\n\n\n<p class=\"wp-block-paragraph\"><strong><a href=\"https:\/\/www.libreriacarlosfuentes.mx\/es\" target=\"_blank\" rel=\"noopener\">Librer\u00eda Carlos Fuentes<\/a><\/strong><\/p>\n\n\n\n<p class=\"wp-block-paragraph\"><strong><a href=\"https:\/\/www.amazon.com.mx\/ref=nav_logo\" target=\"_blank\" rel=\"noopener\">Amazon<\/a><\/strong><\/p>\n\n\n\n<hr class=\"wp-block-separator has-alpha-channel-opacity\"\/>\n\n\n\n<h2 class=\"wp-block-heading\">CHILE<\/h2>\n\n\n\n<p class=\"wp-block-paragraph\"><strong><a href=\"https:\/\/www.buscalibre.cl\/\" target=\"_blank\" rel=\"noopener\">Buscalibre<\/a><\/strong><\/p>\n\n\n\n<p class=\"wp-block-paragraph\"><strong><a href=\"https:\/\/listado.mercadolibre.cl\/_CustId_685082375\" target=\"_blank\" rel=\"noopener\">Mercado Libre<\/a><\/strong><\/p>\n\n\n\n<hr class=\"wp-block-separator has-alpha-channel-opacity\"\/>\n\n\n\n<h2 class=\"wp-block-heading\">COLOMBIA<\/h2>\n\n\n\n<p class=\"wp-block-paragraph\"><strong><a href=\"https:\/\/www.libreriadelau.com\/\" target=\"_blank\" rel=\"noopener\">Librer\u00eda de la U<\/a><\/strong><\/p>\n\n\n\n<p class=\"wp-block-paragraph\"><strong><a href=\"https:\/\/www.mercadolibre.com.co\/pagina\/sashipertexto#unapplied_filter_id%3Dshipping_cost%26unapplied_filter_name%3DCosto+de+env%C3%ADo%26unapplied_value_id%3Dfree%26unapplied_value_name%3DEnv%C3%ADo+gratis%26unapplied_autoselect%3Dfalse\" target=\"_blank\" rel=\"noopener\">Mercado Libre<\/a><\/strong><\/p>\n\n\n\n<p class=\"wp-block-paragraph\"><strong><a href=\"https:\/\/www.buscalibre.com\/int-es\/\" target=\"_blank\" rel=\"noopener\">Buscalibre<\/a><\/strong><\/p>\n\n\n\n<hr class=\"wp-block-separator has-alpha-channel-opacity\"\/>\n\n\n\n<h2 class=\"wp-block-heading\">ESPA\u00d1A<\/h2>\n\n\n\n<p class=\"wp-block-paragraph\"><a href=\"https:\/\/libros.cc\" target=\"_blank\" rel=\"noopener\">libros.cc<\/a><\/p>\n\n\n\n<p class=\"wp-block-paragraph\"><strong><a href=\"https:\/\/www.fnac.es\/\" target=\"_blank\" rel=\"noopener\">fnac<\/a><\/strong><\/p>\n\n\n\n<p class=\"wp-block-paragraph\"><strong><a href=\"https:\/\/www.elcorteingles.es\/\" target=\"_blank\" rel=\"noopener\">El Corte ingl\u00e9s<\/a><\/strong><\/p>\n\n\n\n<hr class=\"wp-block-separator has-alpha-channel-opacity\"\/>\n\n\n\n<h2 class=\"wp-block-heading\">USA<\/h2>\n\n\n\n<p class=\"wp-block-paragraph\"><strong><a href=\"https:\/\/www.amazon.com\/\" target=\"_blank\" rel=\"noopener\">Amazon<\/a><\/strong><\/p>\n\n\n\n<hr class=\"wp-block-separator has-alpha-channel-opacity\"\/>\n\n\n\n<h2 class=\"wp-block-heading\">ARGENTINA<\/h2>\n\n\n\n<p class=\"wp-block-paragraph\"><strong><a href=\"https:\/\/www.buscalibre.com.ar\/\" target=\"_blank\" rel=\"noopener\">Buscalibre<\/a><\/strong><\/p>\n\n\n\n<hr class=\"wp-block-separator has-alpha-channel-opacity\"\/>\n\n\n\n<h2 class=\"wp-block-heading\">ECUADOR<\/h2>\n\n\n\n<p class=\"wp-block-paragraph\"><strong><a href=\"https:\/\/theowlbooksgifts.com\/tienda\/\" target=\"_blank\" rel=\"noopener\">The Owl<\/a><\/strong><\/p>","protected":false},"excerpt":{"rendered":"<p>M\u00c9XICO Sanborns El S\u00f3tano Cadabra &amp; Books Reli Cadabra Librer\u00eda &hellip;<\/p>","protected":false},"author":1,"featured_media":0,"parent":0,"menu_order":0,"comment_status":"closed","ping_status":"closed","template":"","meta":{"_crdt_document":"","footnotes":""},"class_list":["post-1653","page","type-page","status-publish","hentry"],"_links":{"self":[{"href":"https:\/\/www.salvaje.live\/en\/wp-json\/wp\/v2\/pages\/1653","targetHints":{"allow":["GET"]}}],"collection":[{"href":"https:\/\/www.salvaje.live\/en\/wp-json\/wp\/v2\/pages"}],"about":[{"href":"https:\/\/www.salvaje.live\/en\/wp-json\/wp\/v2\/types\/page"}],"author":[{"embeddable":true,"href":"https:\/\/www.salvaje.live\/en\/wp-json\/wp\/v2\/users\/1"}],"replies":[{"embeddable":true,"href":"https:\/\/www.salvaje.live\/en\/wp-json\/wp\/v2\/comments?post=1653"}],"version-history":[{"count":1,"href":"https:\/\/www.salvaje.live\/en\/wp-json\/wp\/v2\/pages\/1653\/revisions"}],"predecessor-version":[{"id":1654,"href":"https:\/\/www.salvaje.live\/en\/wp-json\/wp\/v2\/pages\/1653\/revisions\/1654"}],"wp:attachment":[{"href":"https:\/\/www.salvaje.live\/en\/wp-json\/wp\/v2\/media?parent=1653"}],"curies":[{"name":"wp","href":"https:\/\/api.w.org\/{rel}","templated":true}]}}